{"id":204,"date":"2024-09-03T03:14:04","date_gmt":"2024-09-03T03:14:04","guid":{"rendered":"https:\/\/cafetreslobos.com\/?post_type=product&#038;p=204"},"modified":"2026-03-20T14:54:18","modified_gmt":"2026-03-20T20:54:18","slug":"sampler-pack-chiapas-veracruz-puebla","status":"publish","type":"product","link":"https:\/\/old.cafetreslobos.com\/index.php\/producto\/sampler-pack-chiapas-veracruz-puebla\/","title":{"rendered":"Sampler Pack &#8211; Chiapas\/Veracruz\/Puebla"},"content":{"rendered":"<p>Nuestro Sampler pack contiene 100gr de cada uno de nuestros granos del momento.\u00a0 En esta ocasi\u00f3n :<\/p>\n<ul>\n<li>100gr de Chiapas &#8211; Bella Vista<\/li>\n<li>100gr de Puebla &#8211; Xochitl\u00e1n<\/li>\n<li>100gr de Veracruz &#8211; Chavaxtla<\/li>\n<\/ul>\n<p>&nbsp;<\/p>\n","protected":false},"excerpt":{"rendered":"<p>Nuestro Sampler pack contiene 100gr de cada uno de nuestros granos del momento.\u00a0 En esta ocasi\u00f3n : 100gr de Chiapas &#8211; Bella Vista 100gr de Puebla &#8211; Xochitl\u00e1n 100gr de Veracruz &#8211; Chavaxtla &nbsp;<\/p>\n","protected":false},"featured_media":207,"comment_status":"open","ping_status":"closed","template":"","meta":[],"product_brand":[],"product_cat":[19,24],"product_tag":[],"class_list":{"0":"post-204","1":"product","2":"type-product","3":"status-publish","4":"has-post-thumbnail","6":"product_cat-cafe","7":"product_cat-single-origin","9":"first","10":"outofstock","11":"taxable","12":"shipping-taxable","13":"purchasable","14":"product-type-simple"},"yoast_head":"<!-- This site is optimized with the Yoast SEO plugin v27.4 - https:\/\/yoast.com\/product\/yoast-seo-wordpress\/ -->\n<title>Sampler Pack - Chiapas\/Veracruz\/Puebla - Caf\u00e9 Tres Lobos<\/title>\n<meta name=\"robots\" content=\"noindex, follow, max-snippet:-1, max-image-preview:large, max-video-preview:-1\" \/>\n<meta property=\"og:locale\" content=\"es_ES\" \/>\n<meta property=\"og:type\" content=\"article\" \/>\n<meta property=\"og:title\" content=\"Sampler Pack - Chiapas\/Veracruz\/Puebla - Caf\u00e9 Tres Lobos\" \/>\n<meta property=\"og:description\" content=\"Nuestro Sampler pack contiene 100gr de cada uno de nuestros granos del momento.\u00a0 En esta ocasi\u00f3n : 100gr de Chiapas &#8211; Bella Vista 100gr de Puebla &#8211; Xochitl\u00e1n 100gr de Veracruz &#8211; Chavaxtla &nbsp;\" \/>\n<meta property=\"og:url\" content=\"https:\/\/old.cafetreslobos.com\/index.php\/producto\/sampler-pack-chiapas-veracruz-puebla\/\" \/>\n<meta property=\"og:site_name\" content=\"Caf\u00e9 Tres Lobos\" \/>\n<meta property=\"article:modified_time\" content=\"2026-03-20T20:54:18+00:00\" \/>\n<meta property=\"og:image\" content=\"https:\/\/old.cafetreslobos.com\/wp-content\/uploads\/2024\/09\/starterpack-v2-1016x1024.png\" \/>\n\t<meta property=\"og:image:width\" content=\"1016\" \/>\n\t<meta property=\"og:image:height\" content=\"1024\" \/>\n\t<meta property=\"og:image:type\" content=\"image\/png\" \/>\n<meta name=\"twitter:card\" content=\"summary_large_image\" \/>\n<meta name=\"twitter:label1\" content=\"Tiempo de lectura\" \/>\n\t<meta name=\"twitter:data1\" content=\"1 minuto\" \/>\n<script type=\"application\/ld+json\" class=\"yoast-schema-graph\">{\"@context\":\"https:\\\/\\\/schema.org\",\"@graph\":[{\"@type\":\"WebPage\",\"@id\":\"https:\\\/\\\/old.cafetreslobos.com\\\/index.php\\\/producto\\\/sampler-pack-chiapas-veracruz-puebla\\\/\",\"url\":\"https:\\\/\\\/old.cafetreslobos.com\\\/index.php\\\/producto\\\/sampler-pack-chiapas-veracruz-puebla\\\/\",\"name\":\"Sampler Pack - Chiapas\\\/Veracruz\\\/Puebla - Caf\u00e9 Tres Lobos\",\"isPartOf\":{\"@id\":\"https:\\\/\\\/old.cafetreslobos.com\\\/#website\"},\"primaryImageOfPage\":{\"@id\":\"https:\\\/\\\/old.cafetreslobos.com\\\/index.php\\\/producto\\\/sampler-pack-chiapas-veracruz-puebla\\\/#primaryimage\"},\"image\":{\"@id\":\"https:\\\/\\\/old.cafetreslobos.com\\\/index.php\\\/producto\\\/sampler-pack-chiapas-veracruz-puebla\\\/#primaryimage\"},\"thumbnailUrl\":\"https:\\\/\\\/old.cafetreslobos.com\\\/wp-content\\\/uploads\\\/2024\\\/09\\\/starterpack-v2.png\",\"datePublished\":\"2024-09-03T03:14:04+00:00\",\"dateModified\":\"2026-03-20T20:54:18+00:00\",\"breadcrumb\":{\"@id\":\"https:\\\/\\\/old.cafetreslobos.com\\\/index.php\\\/producto\\\/sampler-pack-chiapas-veracruz-puebla\\\/#breadcrumb\"},\"inLanguage\":\"es\",\"potentialAction\":[{\"@type\":\"ReadAction\",\"target\":[\"https:\\\/\\\/old.cafetreslobos.com\\\/index.php\\\/producto\\\/sampler-pack-chiapas-veracruz-puebla\\\/\"]}]},{\"@type\":\"ImageObject\",\"inLanguage\":\"es\",\"@id\":\"https:\\\/\\\/old.cafetreslobos.com\\\/index.php\\\/producto\\\/sampler-pack-chiapas-veracruz-puebla\\\/#primaryimage\",\"url\":\"https:\\\/\\\/old.cafetreslobos.com\\\/wp-content\\\/uploads\\\/2024\\\/09\\\/starterpack-v2.png\",\"contentUrl\":\"https:\\\/\\\/old.cafetreslobos.com\\\/wp-content\\\/uploads\\\/2024\\\/09\\\/starterpack-v2.png\",\"width\":4000,\"height\":4032},{\"@type\":\"BreadcrumbList\",\"@id\":\"https:\\\/\\\/old.cafetreslobos.com\\\/index.php\\\/producto\\\/sampler-pack-chiapas-veracruz-puebla\\\/#breadcrumb\",\"itemListElement\":[{\"@type\":\"ListItem\",\"position\":1,\"name\":\"Portada\",\"item\":\"https:\\\/\\\/old.cafetreslobos.com\\\/\"},{\"@type\":\"ListItem\",\"position\":2,\"name\":\"Tienda\",\"item\":\"https:\\\/\\\/old.cafetreslobos.com\\\/index.php\\\/tienda\\\/\"},{\"@type\":\"ListItem\",\"position\":3,\"name\":\"Sampler Pack &#8211; Chiapas\\\/Veracruz\\\/Puebla\"}]},{\"@type\":\"WebSite\",\"@id\":\"https:\\\/\\\/old.cafetreslobos.com\\\/#website\",\"url\":\"https:\\\/\\\/old.cafetreslobos.com\\\/\",\"name\":\"Caf\u00e9 Tres Lobos\",\"description\":\"Caf\u00e9 de especialidad con entrega a todo el pais, caf\u00e9 del bueno.\",\"publisher\":{\"@id\":\"https:\\\/\\\/old.cafetreslobos.com\\\/#organization\"},\"potentialAction\":[{\"@type\":\"SearchAction\",\"target\":{\"@type\":\"EntryPoint\",\"urlTemplate\":\"https:\\\/\\\/old.cafetreslobos.com\\\/?s={search_term_string}\"},\"query-input\":{\"@type\":\"PropertyValueSpecification\",\"valueRequired\":true,\"valueName\":\"search_term_string\"}}],\"inLanguage\":\"es\"},{\"@type\":\"Organization\",\"@id\":\"https:\\\/\\\/old.cafetreslobos.com\\\/#organization\",\"name\":\"Caf\u00e9 Tres Lobos\",\"url\":\"https:\\\/\\\/old.cafetreslobos.com\\\/\",\"logo\":{\"@type\":\"ImageObject\",\"inLanguage\":\"es\",\"@id\":\"https:\\\/\\\/old.cafetreslobos.com\\\/#\\\/schema\\\/logo\\\/image\\\/\",\"url\":\"https:\\\/\\\/old.cafetreslobos.com\\\/wp-content\\\/uploads\\\/2024\\\/04\\\/logo-1.png\",\"contentUrl\":\"https:\\\/\\\/old.cafetreslobos.com\\\/wp-content\\\/uploads\\\/2024\\\/04\\\/logo-1.png\",\"width\":864,\"height\":335,\"caption\":\"Caf\u00e9 Tres Lobos\"},\"image\":{\"@id\":\"https:\\\/\\\/old.cafetreslobos.com\\\/#\\\/schema\\\/logo\\\/image\\\/\"}}]}<\/script>\n<!-- \/ Yoast SEO plugin. -->","yoast_head_json":{"title":"Sampler Pack - Chiapas\/Veracruz\/Puebla - Caf\u00e9 Tres Lobos","robots":{"index":"noindex","follow":"follow","max-snippet":"max-snippet:-1","max-image-preview":"max-image-preview:large","max-video-preview":"max-video-preview:-1"},"og_locale":"es_ES","og_type":"article","og_title":"Sampler Pack - Chiapas\/Veracruz\/Puebla - Caf\u00e9 Tres Lobos","og_description":"Nuestro Sampler pack contiene 100gr de cada uno de nuestros granos del momento.\u00a0 En esta ocasi\u00f3n : 100gr de Chiapas &#8211; Bella Vista 100gr de Puebla &#8211; Xochitl\u00e1n 100gr de Veracruz &#8211; Chavaxtla &nbsp;","og_url":"https:\/\/old.cafetreslobos.com\/index.php\/producto\/sampler-pack-chiapas-veracruz-puebla\/","og_site_name":"Caf\u00e9 Tres Lobos","article_modified_time":"2026-03-20T20:54:18+00:00","og_image":[{"width":1016,"height":1024,"url":"https:\/\/old.cafetreslobos.com\/wp-content\/uploads\/2024\/09\/starterpack-v2-1016x1024.png","type":"image\/png"}],"twitter_card":"summary_large_image","twitter_misc":{"Tiempo de lectura":"1 minuto"},"schema":{"@context":"https:\/\/schema.org","@graph":[{"@type":"WebPage","@id":"https:\/\/old.cafetreslobos.com\/index.php\/producto\/sampler-pack-chiapas-veracruz-puebla\/","url":"https:\/\/old.cafetreslobos.com\/index.php\/producto\/sampler-pack-chiapas-veracruz-puebla\/","name":"Sampler Pack - Chiapas\/Veracruz\/Puebla - Caf\u00e9 Tres Lobos","isPartOf":{"@id":"https:\/\/old.cafetreslobos.com\/#website"},"primaryImageOfPage":{"@id":"https:\/\/old.cafetreslobos.com\/index.php\/producto\/sampler-pack-chiapas-veracruz-puebla\/#primaryimage"},"image":{"@id":"https:\/\/old.cafetreslobos.com\/index.php\/producto\/sampler-pack-chiapas-veracruz-puebla\/#primaryimage"},"thumbnailUrl":"https:\/\/old.cafetreslobos.com\/wp-content\/uploads\/2024\/09\/starterpack-v2.png","datePublished":"2024-09-03T03:14:04+00:00","dateModified":"2026-03-20T20:54:18+00:00","breadcrumb":{"@id":"https:\/\/old.cafetreslobos.com\/index.php\/producto\/sampler-pack-chiapas-veracruz-puebla\/#breadcrumb"},"inLanguage":"es","potentialAction":[{"@type":"ReadAction","target":["https:\/\/old.cafetreslobos.com\/index.php\/producto\/sampler-pack-chiapas-veracruz-puebla\/"]}]},{"@type":"ImageObject","inLanguage":"es","@id":"https:\/\/old.cafetreslobos.com\/index.php\/producto\/sampler-pack-chiapas-veracruz-puebla\/#primaryimage","url":"https:\/\/old.cafetreslobos.com\/wp-content\/uploads\/2024\/09\/starterpack-v2.png","contentUrl":"https:\/\/old.cafetreslobos.com\/wp-content\/uploads\/2024\/09\/starterpack-v2.png","width":4000,"height":4032},{"@type":"BreadcrumbList","@id":"https:\/\/old.cafetreslobos.com\/index.php\/producto\/sampler-pack-chiapas-veracruz-puebla\/#breadcrumb","itemListElement":[{"@type":"ListItem","position":1,"name":"Portada","item":"https:\/\/old.cafetreslobos.com\/"},{"@type":"ListItem","position":2,"name":"Tienda","item":"https:\/\/old.cafetreslobos.com\/index.php\/tienda\/"},{"@type":"ListItem","position":3,"name":"Sampler Pack &#8211; Chiapas\/Veracruz\/Puebla"}]},{"@type":"WebSite","@id":"https:\/\/old.cafetreslobos.com\/#website","url":"https:\/\/old.cafetreslobos.com\/","name":"Caf\u00e9 Tres Lobos","description":"Caf\u00e9 de especialidad con entrega a todo el pais, caf\u00e9 del bueno.","publisher":{"@id":"https:\/\/old.cafetreslobos.com\/#organization"},"potentialAction":[{"@type":"SearchAction","target":{"@type":"EntryPoint","urlTemplate":"https:\/\/old.cafetreslobos.com\/?s={search_term_string}"},"query-input":{"@type":"PropertyValueSpecification","valueRequired":true,"valueName":"search_term_string"}}],"inLanguage":"es"},{"@type":"Organization","@id":"https:\/\/old.cafetreslobos.com\/#organization","name":"Caf\u00e9 Tres Lobos","url":"https:\/\/old.cafetreslobos.com\/","logo":{"@type":"ImageObject","inLanguage":"es","@id":"https:\/\/old.cafetreslobos.com\/#\/schema\/logo\/image\/","url":"https:\/\/old.cafetreslobos.com\/wp-content\/uploads\/2024\/04\/logo-1.png","contentUrl":"https:\/\/old.cafetreslobos.com\/wp-content\/uploads\/2024\/04\/logo-1.png","width":864,"height":335,"caption":"Caf\u00e9 Tres Lobos"},"image":{"@id":"https:\/\/old.cafetreslobos.com\/#\/schema\/logo\/image\/"}}]}},"_links":{"self":[{"href":"https:\/\/old.cafetreslobos.com\/index.php\/wp-json\/wp\/v2\/product\/204","targetHints":{"allow":["GET"]}}],"collection":[{"href":"https:\/\/old.cafetreslobos.com\/index.php\/wp-json\/wp\/v2\/product"}],"about":[{"href":"https:\/\/old.cafetreslobos.com\/index.php\/wp-json\/wp\/v2\/types\/product"}],"replies":[{"embeddable":true,"href":"https:\/\/old.cafetreslobos.com\/index.php\/wp-json\/wp\/v2\/comments?post=204"}],"wp:featuredmedia":[{"embeddable":true,"href":"https:\/\/old.cafetreslobos.com\/index.php\/wp-json\/wp\/v2\/media\/207"}],"wp:attachment":[{"href":"https:\/\/old.cafetreslobos.com\/index.php\/wp-json\/wp\/v2\/media?parent=204"}],"wp:term":[{"taxonomy":"product_brand","embeddable":true,"href":"https:\/\/old.cafetreslobos.com\/index.php\/wp-json\/wp\/v2\/product_brand?post=204"},{"taxonomy":"product_cat","embeddable":true,"href":"https:\/\/old.cafetreslobos.com\/index.php\/wp-json\/wp\/v2\/product_cat?post=204"},{"taxonomy":"product_tag","embeddable":true,"href":"https:\/\/old.cafetreslobos.com\/index.php\/wp-json\/wp\/v2\/product_tag?post=204"}],"curies":[{"name":"wp","href":"https:\/\/api.w.org\/{rel}","templated":true}]}}