{"id":268,"date":"2025-02-04T21:59:18","date_gmt":"2025-02-05T03:59:18","guid":{"rendered":"https:\/\/cafetreslobos.com\/?post_type=product&#038;p=268"},"modified":"2026-03-22T23:15:22","modified_gmt":"2026-03-23T05:15:22","slug":"veracruz-cordoba","status":"publish","type":"product","link":"https:\/\/old.cafetreslobos.com\/index.php\/producto\/veracruz-cordoba\/","title":{"rendered":"Veracruz C\u00d3RDOBA"},"content":{"rendered":"<p>Nuestra #01 se termin\u00f3 pero lleg\u00f3 nuestro #4 que\u00a0 se compone de los mejores granos de C\u00d3RDOBA, Veracruz; ahora esta es nuestra mezcla b\u00e1sica para el d\u00eda a d\u00eda o para tu cafeter\u00eda.<\/p>\n<p>Locaci\u00f3n: C\u00f3rdoba, Veracruz<br \/>\nProductor : Peque\u00f1os productores de C\u00f3rdoba<br \/>\nVariedad: Catimor y Sarchimor<br \/>\nProceso: Lavado<br \/>\nAltitud: 800 -1,000 msnm<br \/>\nNotas : Chocolate, caramelo y nuez, acidez baja y regusto ligeramente amargo.<\/p>\n<p>Caf\u00e9 100% ar\u00e1bica de primera calidad, mezcla de cosechas con variedades locales de productores de la regi\u00f3n de las altas monta\u00f1as de C\u00f3rdoba, Veracruz; cultivado a una altura promedio de 1,000 m.s.n.m.\u00a0 Proceso lavado en beneficio h\u00famedo con secado mec\u00e1nico.<\/p>\n<p><img loading=\"lazy\" decoding=\"async\" class=\"alignnone size-medium wp-image-270\" src=\"https:\/\/old.cafetreslobos.com\/wp-content\/uploads\/2025\/02\/Cordoba-Veracruz-300x300.jpg\" alt=\"\" width=\"300\" height=\"300\" srcset=\"https:\/\/old.cafetreslobos.com\/wp-content\/uploads\/2025\/02\/Cordoba-Veracruz-300x300.jpg 300w, https:\/\/old.cafetreslobos.com\/wp-content\/uploads\/2025\/02\/Cordoba-Veracruz-1024x1020.jpg 1024w, https:\/\/old.cafetreslobos.com\/wp-content\/uploads\/2025\/02\/Cordoba-Veracruz-150x150.jpg 150w, https:\/\/old.cafetreslobos.com\/wp-content\/uploads\/2025\/02\/Cordoba-Veracruz-768x765.jpg 768w, https:\/\/old.cafetreslobos.com\/wp-content\/uploads\/2025\/02\/Cordoba-Veracruz-600x598.jpg 600w, https:\/\/old.cafetreslobos.com\/wp-content\/uploads\/2025\/02\/Cordoba-Veracruz-100x100.jpg 100w, https:\/\/old.cafetreslobos.com\/wp-content\/uploads\/2025\/02\/Cordoba-Veracruz.jpg 1440w\" sizes=\"auto, (max-width: 300px) 100vw, 300px\" \/><\/p>\n","protected":false},"excerpt":{"rendered":"<p>Nuestra #01 se termin\u00f3 pero lleg\u00f3 nuestro #4 que\u00a0 se compone de los mejores granos de C\u00d3RDOBA, Veracruz; ahora esta es nuestra mezcla b\u00e1sica para el d\u00eda a d\u00eda o para tu cafeter\u00eda. Locaci\u00f3n: C\u00f3rdoba, Veracruz Productor : Peque\u00f1os productores de C\u00f3rdoba Variedad: Catimor y Sarchimor Proceso: Lavado Altitud: 800 -1,000 msnm Notas : Chocolate, [&hellip;]<\/p>\n","protected":false},"featured_media":269,"comment_status":"open","ping_status":"closed","template":"","meta":[],"product_brand":[],"product_cat":[19,24],"product_tag":[],"class_list":{"0":"post-268","1":"product","2":"type-product","3":"status-publish","4":"has-post-thumbnail","6":"product_cat-cafe","7":"product_cat-single-origin","9":"first","10":"instock","11":"sale","12":"purchasable","13":"product-type-variable"},"yoast_head":"<!-- This site is optimized with the Yoast SEO plugin v27.4 - https:\/\/yoast.com\/product\/yoast-seo-wordpress\/ -->\n<title>Veracruz C\u00d3RDOBA - Caf\u00e9 Tres Lobos<\/title>\n<meta name=\"robots\" content=\"noindex, follow, max-snippet:-1, max-image-preview:large, max-video-preview:-1\" \/>\n<meta property=\"og:locale\" content=\"es_ES\" \/>\n<meta property=\"og:type\" content=\"article\" \/>\n<meta property=\"og:title\" content=\"Veracruz C\u00d3RDOBA - Caf\u00e9 Tres Lobos\" \/>\n<meta property=\"og:description\" content=\"Nuestra #01 se termin\u00f3 pero lleg\u00f3 nuestro #4 que\u00a0 se compone de los mejores granos de C\u00d3RDOBA, Veracruz; ahora esta es nuestra mezcla b\u00e1sica para el d\u00eda a d\u00eda o para tu cafeter\u00eda. Locaci\u00f3n: C\u00f3rdoba, Veracruz Productor : Peque\u00f1os productores de C\u00f3rdoba Variedad: Catimor y Sarchimor Proceso: Lavado Altitud: 800 -1,000 msnm Notas : Chocolate, [&hellip;]\" \/>\n<meta property=\"og:url\" content=\"https:\/\/old.cafetreslobos.com\/index.php\/producto\/veracruz-cordoba\/\" \/>\n<meta property=\"og:site_name\" content=\"Caf\u00e9 Tres Lobos\" \/>\n<meta property=\"article:modified_time\" content=\"2026-03-23T05:15:22+00:00\" \/>\n<meta property=\"og:image\" content=\"https:\/\/old.cafetreslobos.com\/wp-content\/uploads\/2025\/02\/bolsa-Veracruz-SF-Cordoba-1024x1024.png\" \/>\n\t<meta property=\"og:image:width\" content=\"1024\" \/>\n\t<meta property=\"og:image:height\" content=\"1024\" \/>\n\t<meta property=\"og:image:type\" content=\"image\/png\" \/>\n<meta name=\"twitter:card\" content=\"summary_large_image\" \/>\n<meta name=\"twitter:label1\" content=\"Tiempo de lectura\" \/>\n\t<meta name=\"twitter:data1\" content=\"1 minuto\" \/>\n<script type=\"application\/ld+json\" class=\"yoast-schema-graph\">{\"@context\":\"https:\\\/\\\/schema.org\",\"@graph\":[{\"@type\":\"WebPage\",\"@id\":\"https:\\\/\\\/old.cafetreslobos.com\\\/index.php\\\/producto\\\/veracruz-cordoba\\\/\",\"url\":\"https:\\\/\\\/old.cafetreslobos.com\\\/index.php\\\/producto\\\/veracruz-cordoba\\\/\",\"name\":\"Veracruz C\u00d3RDOBA - Caf\u00e9 Tres Lobos\",\"isPartOf\":{\"@id\":\"https:\\\/\\\/old.cafetreslobos.com\\\/#website\"},\"primaryImageOfPage\":{\"@id\":\"https:\\\/\\\/old.cafetreslobos.com\\\/index.php\\\/producto\\\/veracruz-cordoba\\\/#primaryimage\"},\"image\":{\"@id\":\"https:\\\/\\\/old.cafetreslobos.com\\\/index.php\\\/producto\\\/veracruz-cordoba\\\/#primaryimage\"},\"thumbnailUrl\":\"https:\\\/\\\/old.cafetreslobos.com\\\/wp-content\\\/uploads\\\/2025\\\/02\\\/bolsa-Veracruz-SF-Cordoba.png\",\"datePublished\":\"2025-02-05T03:59:18+00:00\",\"dateModified\":\"2026-03-23T05:15:22+00:00\",\"breadcrumb\":{\"@id\":\"https:\\\/\\\/old.cafetreslobos.com\\\/index.php\\\/producto\\\/veracruz-cordoba\\\/#breadcrumb\"},\"inLanguage\":\"es\",\"potentialAction\":[{\"@type\":\"ReadAction\",\"target\":[\"https:\\\/\\\/old.cafetreslobos.com\\\/index.php\\\/producto\\\/veracruz-cordoba\\\/\"]}]},{\"@type\":\"ImageObject\",\"inLanguage\":\"es\",\"@id\":\"https:\\\/\\\/old.cafetreslobos.com\\\/index.php\\\/producto\\\/veracruz-cordoba\\\/#primaryimage\",\"url\":\"https:\\\/\\\/old.cafetreslobos.com\\\/wp-content\\\/uploads\\\/2025\\\/02\\\/bolsa-Veracruz-SF-Cordoba.png\",\"contentUrl\":\"https:\\\/\\\/old.cafetreslobos.com\\\/wp-content\\\/uploads\\\/2025\\\/02\\\/bolsa-Veracruz-SF-Cordoba.png\",\"width\":4000,\"height\":4000},{\"@type\":\"BreadcrumbList\",\"@id\":\"https:\\\/\\\/old.cafetreslobos.com\\\/index.php\\\/producto\\\/veracruz-cordoba\\\/#breadcrumb\",\"itemListElement\":[{\"@type\":\"ListItem\",\"position\":1,\"name\":\"Portada\",\"item\":\"https:\\\/\\\/old.cafetreslobos.com\\\/\"},{\"@type\":\"ListItem\",\"position\":2,\"name\":\"Tienda\",\"item\":\"https:\\\/\\\/old.cafetreslobos.com\\\/index.php\\\/tienda\\\/\"},{\"@type\":\"ListItem\",\"position\":3,\"name\":\"Veracruz C\u00d3RDOBA\"}]},{\"@type\":\"WebSite\",\"@id\":\"https:\\\/\\\/old.cafetreslobos.com\\\/#website\",\"url\":\"https:\\\/\\\/old.cafetreslobos.com\\\/\",\"name\":\"Caf\u00e9 Tres Lobos\",\"description\":\"Caf\u00e9 de especialidad con entrega a todo el pais, caf\u00e9 del bueno.\",\"publisher\":{\"@id\":\"https:\\\/\\\/old.cafetreslobos.com\\\/#organization\"},\"potentialAction\":[{\"@type\":\"SearchAction\",\"target\":{\"@type\":\"EntryPoint\",\"urlTemplate\":\"https:\\\/\\\/old.cafetreslobos.com\\\/?s={search_term_string}\"},\"query-input\":{\"@type\":\"PropertyValueSpecification\",\"valueRequired\":true,\"valueName\":\"search_term_string\"}}],\"inLanguage\":\"es\"},{\"@type\":\"Organization\",\"@id\":\"https:\\\/\\\/old.cafetreslobos.com\\\/#organization\",\"name\":\"Caf\u00e9 Tres Lobos\",\"url\":\"https:\\\/\\\/old.cafetreslobos.com\\\/\",\"logo\":{\"@type\":\"ImageObject\",\"inLanguage\":\"es\",\"@id\":\"https:\\\/\\\/old.cafetreslobos.com\\\/#\\\/schema\\\/logo\\\/image\\\/\",\"url\":\"https:\\\/\\\/old.cafetreslobos.com\\\/wp-content\\\/uploads\\\/2024\\\/04\\\/logo-1.png\",\"contentUrl\":\"https:\\\/\\\/old.cafetreslobos.com\\\/wp-content\\\/uploads\\\/2024\\\/04\\\/logo-1.png\",\"width\":864,\"height\":335,\"caption\":\"Caf\u00e9 Tres Lobos\"},\"image\":{\"@id\":\"https:\\\/\\\/old.cafetreslobos.com\\\/#\\\/schema\\\/logo\\\/image\\\/\"}}]}<\/script>\n<!-- \/ Yoast SEO plugin. -->","yoast_head_json":{"title":"Veracruz C\u00d3RDOBA - Caf\u00e9 Tres Lobos","robots":{"index":"noindex","follow":"follow","max-snippet":"max-snippet:-1","max-image-preview":"max-image-preview:large","max-video-preview":"max-video-preview:-1"},"og_locale":"es_ES","og_type":"article","og_title":"Veracruz C\u00d3RDOBA - Caf\u00e9 Tres Lobos","og_description":"Nuestra #01 se termin\u00f3 pero lleg\u00f3 nuestro #4 que\u00a0 se compone de los mejores granos de C\u00d3RDOBA, Veracruz; ahora esta es nuestra mezcla b\u00e1sica para el d\u00eda a d\u00eda o para tu cafeter\u00eda. Locaci\u00f3n: C\u00f3rdoba, Veracruz Productor : Peque\u00f1os productores de C\u00f3rdoba Variedad: Catimor y Sarchimor Proceso: Lavado Altitud: 800 -1,000 msnm Notas : Chocolate, [&hellip;]","og_url":"https:\/\/old.cafetreslobos.com\/index.php\/producto\/veracruz-cordoba\/","og_site_name":"Caf\u00e9 Tres Lobos","article_modified_time":"2026-03-23T05:15:22+00:00","og_image":[{"width":1024,"height":1024,"url":"https:\/\/old.cafetreslobos.com\/wp-content\/uploads\/2025\/02\/bolsa-Veracruz-SF-Cordoba-1024x1024.png","type":"image\/png"}],"twitter_card":"summary_large_image","twitter_misc":{"Tiempo de lectura":"1 minuto"},"schema":{"@context":"https:\/\/schema.org","@graph":[{"@type":"WebPage","@id":"https:\/\/old.cafetreslobos.com\/index.php\/producto\/veracruz-cordoba\/","url":"https:\/\/old.cafetreslobos.com\/index.php\/producto\/veracruz-cordoba\/","name":"Veracruz C\u00d3RDOBA - Caf\u00e9 Tres Lobos","isPartOf":{"@id":"https:\/\/old.cafetreslobos.com\/#website"},"primaryImageOfPage":{"@id":"https:\/\/old.cafetreslobos.com\/index.php\/producto\/veracruz-cordoba\/#primaryimage"},"image":{"@id":"https:\/\/old.cafetreslobos.com\/index.php\/producto\/veracruz-cordoba\/#primaryimage"},"thumbnailUrl":"https:\/\/old.cafetreslobos.com\/wp-content\/uploads\/2025\/02\/bolsa-Veracruz-SF-Cordoba.png","datePublished":"2025-02-05T03:59:18+00:00","dateModified":"2026-03-23T05:15:22+00:00","breadcrumb":{"@id":"https:\/\/old.cafetreslobos.com\/index.php\/producto\/veracruz-cordoba\/#breadcrumb"},"inLanguage":"es","potentialAction":[{"@type":"ReadAction","target":["https:\/\/old.cafetreslobos.com\/index.php\/producto\/veracruz-cordoba\/"]}]},{"@type":"ImageObject","inLanguage":"es","@id":"https:\/\/old.cafetreslobos.com\/index.php\/producto\/veracruz-cordoba\/#primaryimage","url":"https:\/\/old.cafetreslobos.com\/wp-content\/uploads\/2025\/02\/bolsa-Veracruz-SF-Cordoba.png","contentUrl":"https:\/\/old.cafetreslobos.com\/wp-content\/uploads\/2025\/02\/bolsa-Veracruz-SF-Cordoba.png","width":4000,"height":4000},{"@type":"BreadcrumbList","@id":"https:\/\/old.cafetreslobos.com\/index.php\/producto\/veracruz-cordoba\/#breadcrumb","itemListElement":[{"@type":"ListItem","position":1,"name":"Portada","item":"https:\/\/old.cafetreslobos.com\/"},{"@type":"ListItem","position":2,"name":"Tienda","item":"https:\/\/old.cafetreslobos.com\/index.php\/tienda\/"},{"@type":"ListItem","position":3,"name":"Veracruz C\u00d3RDOBA"}]},{"@type":"WebSite","@id":"https:\/\/old.cafetreslobos.com\/#website","url":"https:\/\/old.cafetreslobos.com\/","name":"Caf\u00e9 Tres Lobos","description":"Caf\u00e9 de especialidad con entrega a todo el pais, caf\u00e9 del bueno.","publisher":{"@id":"https:\/\/old.cafetreslobos.com\/#organization"},"potentialAction":[{"@type":"SearchAction","target":{"@type":"EntryPoint","urlTemplate":"https:\/\/old.cafetreslobos.com\/?s={search_term_string}"},"query-input":{"@type":"PropertyValueSpecification","valueRequired":true,"valueName":"search_term_string"}}],"inLanguage":"es"},{"@type":"Organization","@id":"https:\/\/old.cafetreslobos.com\/#organization","name":"Caf\u00e9 Tres Lobos","url":"https:\/\/old.cafetreslobos.com\/","logo":{"@type":"ImageObject","inLanguage":"es","@id":"https:\/\/old.cafetreslobos.com\/#\/schema\/logo\/image\/","url":"https:\/\/old.cafetreslobos.com\/wp-content\/uploads\/2024\/04\/logo-1.png","contentUrl":"https:\/\/old.cafetreslobos.com\/wp-content\/uploads\/2024\/04\/logo-1.png","width":864,"height":335,"caption":"Caf\u00e9 Tres Lobos"},"image":{"@id":"https:\/\/old.cafetreslobos.com\/#\/schema\/logo\/image\/"}}]}},"_links":{"self":[{"href":"https:\/\/old.cafetreslobos.com\/index.php\/wp-json\/wp\/v2\/product\/268","targetHints":{"allow":["GET"]}}],"collection":[{"href":"https:\/\/old.cafetreslobos.com\/index.php\/wp-json\/wp\/v2\/product"}],"about":[{"href":"https:\/\/old.cafetreslobos.com\/index.php\/wp-json\/wp\/v2\/types\/product"}],"replies":[{"embeddable":true,"href":"https:\/\/old.cafetreslobos.com\/index.php\/wp-json\/wp\/v2\/comments?post=268"}],"wp:featuredmedia":[{"embeddable":true,"href":"https:\/\/old.cafetreslobos.com\/index.php\/wp-json\/wp\/v2\/media\/269"}],"wp:attachment":[{"href":"https:\/\/old.cafetreslobos.com\/index.php\/wp-json\/wp\/v2\/media?parent=268"}],"wp:term":[{"taxonomy":"product_brand","embeddable":true,"href":"https:\/\/old.cafetreslobos.com\/index.php\/wp-json\/wp\/v2\/product_brand?post=268"},{"taxonomy":"product_cat","embeddable":true,"href":"https:\/\/old.cafetreslobos.com\/index.php\/wp-json\/wp\/v2\/product_cat?post=268"},{"taxonomy":"product_tag","embeddable":true,"href":"https:\/\/old.cafetreslobos.com\/index.php\/wp-json\/wp\/v2\/product_tag?post=268"}],"curies":[{"name":"wp","href":"https:\/\/api.w.org\/{rel}","templated":true}]}}