{"id":5348,"date":"2026-03-19T21:26:15","date_gmt":"2026-03-20T03:26:15","guid":{"rendered":"https:\/\/cafetreslobos.com\/index.php\/producto\/pasaporte-regios-por-el-cafe\/"},"modified":"2026-03-28T14:24:25","modified_gmt":"2026-03-28T20:24:25","slug":"pasaporte-regios-por-el-cafe","status":"publish","type":"product","link":"https:\/\/old.cafetreslobos.com\/index.php\/producto\/pasaporte-regios-por-el-cafe\/","title":{"rendered":"PASAPORTE REGIOS POR EL CAF\u00c9"},"content":{"rendered":"<p>PR\u00d3XIMAMENTE<\/p>\n","protected":false},"excerpt":{"rendered":"<p>PR\u00d3XIMAMENTE<\/p>\n","protected":false},"featured_media":5594,"comment_status":"open","ping_status":"closed","template":"","meta":[],"product_brand":[],"product_cat":[38],"product_tag":[],"class_list":{"0":"post-5348","1":"product","2":"type-product","3":"status-publish","4":"has-post-thumbnail","6":"product_cat-otros","8":"first","9":"onbackorder","10":"taxable","11":"shipping-taxable","12":"purchasable","13":"product-type-simple"},"yoast_head":"<!-- This site is optimized with the Yoast SEO plugin v27.4 - https:\/\/yoast.com\/product\/yoast-seo-wordpress\/ -->\n<title>PASAPORTE REGIOS POR EL CAF\u00c9 - Caf\u00e9 Tres Lobos<\/title>\n<meta name=\"robots\" content=\"noindex, follow, max-snippet:-1, max-image-preview:large, max-video-preview:-1\" \/>\n<meta property=\"og:locale\" content=\"es_ES\" \/>\n<meta property=\"og:type\" content=\"article\" \/>\n<meta property=\"og:title\" content=\"PASAPORTE REGIOS POR EL CAF\u00c9 - Caf\u00e9 Tres Lobos\" \/>\n<meta property=\"og:description\" content=\"PR\u00d3XIMAMENTE\" \/>\n<meta property=\"og:url\" content=\"https:\/\/old.cafetreslobos.com\/index.php\/producto\/pasaporte-regios-por-el-cafe\/\" \/>\n<meta property=\"og:site_name\" content=\"Caf\u00e9 Tres Lobos\" \/>\n<meta property=\"article:modified_time\" content=\"2026-03-28T20:24:25+00:00\" \/>\n<meta property=\"og:image\" content=\"https:\/\/old.cafetreslobos.com\/wp-content\/uploads\/2026\/03\/PASAPORTE.png\" \/>\n\t<meta property=\"og:image:width\" content=\"1024\" \/>\n\t<meta property=\"og:image:height\" content=\"1024\" \/>\n\t<meta property=\"og:image:type\" content=\"image\/png\" \/>\n<meta name=\"twitter:card\" content=\"summary_large_image\" \/>\n<meta name=\"twitter:label1\" content=\"Tiempo de lectura\" \/>\n\t<meta name=\"twitter:data1\" content=\"1 minuto\" \/>\n<script type=\"application\/ld+json\" class=\"yoast-schema-graph\">{\"@context\":\"https:\\\/\\\/schema.org\",\"@graph\":[{\"@type\":\"WebPage\",\"@id\":\"https:\\\/\\\/old.cafetreslobos.com\\\/index.php\\\/producto\\\/pasaporte-regios-por-el-cafe\\\/\",\"url\":\"https:\\\/\\\/old.cafetreslobos.com\\\/index.php\\\/producto\\\/pasaporte-regios-por-el-cafe\\\/\",\"name\":\"PASAPORTE REGIOS POR EL CAF\u00c9 - Caf\u00e9 Tres Lobos\",\"isPartOf\":{\"@id\":\"https:\\\/\\\/old.cafetreslobos.com\\\/#website\"},\"primaryImageOfPage\":{\"@id\":\"https:\\\/\\\/old.cafetreslobos.com\\\/index.php\\\/producto\\\/pasaporte-regios-por-el-cafe\\\/#primaryimage\"},\"image\":{\"@id\":\"https:\\\/\\\/old.cafetreslobos.com\\\/index.php\\\/producto\\\/pasaporte-regios-por-el-cafe\\\/#primaryimage\"},\"thumbnailUrl\":\"https:\\\/\\\/old.cafetreslobos.com\\\/wp-content\\\/uploads\\\/2026\\\/03\\\/PASAPORTE.png\",\"datePublished\":\"2026-03-20T03:26:15+00:00\",\"dateModified\":\"2026-03-28T20:24:25+00:00\",\"breadcrumb\":{\"@id\":\"https:\\\/\\\/old.cafetreslobos.com\\\/index.php\\\/producto\\\/pasaporte-regios-por-el-cafe\\\/#breadcrumb\"},\"inLanguage\":\"es\",\"potentialAction\":[{\"@type\":\"ReadAction\",\"target\":[\"https:\\\/\\\/old.cafetreslobos.com\\\/index.php\\\/producto\\\/pasaporte-regios-por-el-cafe\\\/\"]}]},{\"@type\":\"ImageObject\",\"inLanguage\":\"es\",\"@id\":\"https:\\\/\\\/old.cafetreslobos.com\\\/index.php\\\/producto\\\/pasaporte-regios-por-el-cafe\\\/#primaryimage\",\"url\":\"https:\\\/\\\/old.cafetreslobos.com\\\/wp-content\\\/uploads\\\/2026\\\/03\\\/PASAPORTE.png\",\"contentUrl\":\"https:\\\/\\\/old.cafetreslobos.com\\\/wp-content\\\/uploads\\\/2026\\\/03\\\/PASAPORTE.png\",\"width\":1024,\"height\":1024},{\"@type\":\"BreadcrumbList\",\"@id\":\"https:\\\/\\\/old.cafetreslobos.com\\\/index.php\\\/producto\\\/pasaporte-regios-por-el-cafe\\\/#breadcrumb\",\"itemListElement\":[{\"@type\":\"ListItem\",\"position\":1,\"name\":\"Portada\",\"item\":\"https:\\\/\\\/old.cafetreslobos.com\\\/\"},{\"@type\":\"ListItem\",\"position\":2,\"name\":\"Tienda\",\"item\":\"https:\\\/\\\/old.cafetreslobos.com\\\/index.php\\\/tienda\\\/\"},{\"@type\":\"ListItem\",\"position\":3,\"name\":\"PASAPORTE REGIOS POR EL CAF\u00c9\"}]},{\"@type\":\"WebSite\",\"@id\":\"https:\\\/\\\/old.cafetreslobos.com\\\/#website\",\"url\":\"https:\\\/\\\/old.cafetreslobos.com\\\/\",\"name\":\"Caf\u00e9 Tres Lobos\",\"description\":\"Caf\u00e9 de especialidad con entrega a todo el pais, caf\u00e9 del bueno.\",\"publisher\":{\"@id\":\"https:\\\/\\\/old.cafetreslobos.com\\\/#organization\"},\"potentialAction\":[{\"@type\":\"SearchAction\",\"target\":{\"@type\":\"EntryPoint\",\"urlTemplate\":\"https:\\\/\\\/old.cafetreslobos.com\\\/?s={search_term_string}\"},\"query-input\":{\"@type\":\"PropertyValueSpecification\",\"valueRequired\":true,\"valueName\":\"search_term_string\"}}],\"inLanguage\":\"es\"},{\"@type\":\"Organization\",\"@id\":\"https:\\\/\\\/old.cafetreslobos.com\\\/#organization\",\"name\":\"Caf\u00e9 Tres Lobos\",\"url\":\"https:\\\/\\\/old.cafetreslobos.com\\\/\",\"logo\":{\"@type\":\"ImageObject\",\"inLanguage\":\"es\",\"@id\":\"https:\\\/\\\/old.cafetreslobos.com\\\/#\\\/schema\\\/logo\\\/image\\\/\",\"url\":\"https:\\\/\\\/old.cafetreslobos.com\\\/wp-content\\\/uploads\\\/2024\\\/04\\\/logo-1.png\",\"contentUrl\":\"https:\\\/\\\/old.cafetreslobos.com\\\/wp-content\\\/uploads\\\/2024\\\/04\\\/logo-1.png\",\"width\":864,\"height\":335,\"caption\":\"Caf\u00e9 Tres Lobos\"},\"image\":{\"@id\":\"https:\\\/\\\/old.cafetreslobos.com\\\/#\\\/schema\\\/logo\\\/image\\\/\"}}]}<\/script>\n<!-- \/ Yoast SEO plugin. -->","yoast_head_json":{"title":"PASAPORTE REGIOS POR EL CAF\u00c9 - Caf\u00e9 Tres Lobos","robots":{"index":"noindex","follow":"follow","max-snippet":"max-snippet:-1","max-image-preview":"max-image-preview:large","max-video-preview":"max-video-preview:-1"},"og_locale":"es_ES","og_type":"article","og_title":"PASAPORTE REGIOS POR EL CAF\u00c9 - Caf\u00e9 Tres Lobos","og_description":"PR\u00d3XIMAMENTE","og_url":"https:\/\/old.cafetreslobos.com\/index.php\/producto\/pasaporte-regios-por-el-cafe\/","og_site_name":"Caf\u00e9 Tres Lobos","article_modified_time":"2026-03-28T20:24:25+00:00","og_image":[{"width":1024,"height":1024,"url":"https:\/\/old.cafetreslobos.com\/wp-content\/uploads\/2026\/03\/PASAPORTE.png","type":"image\/png"}],"twitter_card":"summary_large_image","twitter_misc":{"Tiempo de lectura":"1 minuto"},"schema":{"@context":"https:\/\/schema.org","@graph":[{"@type":"WebPage","@id":"https:\/\/old.cafetreslobos.com\/index.php\/producto\/pasaporte-regios-por-el-cafe\/","url":"https:\/\/old.cafetreslobos.com\/index.php\/producto\/pasaporte-regios-por-el-cafe\/","name":"PASAPORTE REGIOS POR EL CAF\u00c9 - Caf\u00e9 Tres Lobos","isPartOf":{"@id":"https:\/\/old.cafetreslobos.com\/#website"},"primaryImageOfPage":{"@id":"https:\/\/old.cafetreslobos.com\/index.php\/producto\/pasaporte-regios-por-el-cafe\/#primaryimage"},"image":{"@id":"https:\/\/old.cafetreslobos.com\/index.php\/producto\/pasaporte-regios-por-el-cafe\/#primaryimage"},"thumbnailUrl":"https:\/\/old.cafetreslobos.com\/wp-content\/uploads\/2026\/03\/PASAPORTE.png","datePublished":"2026-03-20T03:26:15+00:00","dateModified":"2026-03-28T20:24:25+00:00","breadcrumb":{"@id":"https:\/\/old.cafetreslobos.com\/index.php\/producto\/pasaporte-regios-por-el-cafe\/#breadcrumb"},"inLanguage":"es","potentialAction":[{"@type":"ReadAction","target":["https:\/\/old.cafetreslobos.com\/index.php\/producto\/pasaporte-regios-por-el-cafe\/"]}]},{"@type":"ImageObject","inLanguage":"es","@id":"https:\/\/old.cafetreslobos.com\/index.php\/producto\/pasaporte-regios-por-el-cafe\/#primaryimage","url":"https:\/\/old.cafetreslobos.com\/wp-content\/uploads\/2026\/03\/PASAPORTE.png","contentUrl":"https:\/\/old.cafetreslobos.com\/wp-content\/uploads\/2026\/03\/PASAPORTE.png","width":1024,"height":1024},{"@type":"BreadcrumbList","@id":"https:\/\/old.cafetreslobos.com\/index.php\/producto\/pasaporte-regios-por-el-cafe\/#breadcrumb","itemListElement":[{"@type":"ListItem","position":1,"name":"Portada","item":"https:\/\/old.cafetreslobos.com\/"},{"@type":"ListItem","position":2,"name":"Tienda","item":"https:\/\/old.cafetreslobos.com\/index.php\/tienda\/"},{"@type":"ListItem","position":3,"name":"PASAPORTE REGIOS POR EL CAF\u00c9"}]},{"@type":"WebSite","@id":"https:\/\/old.cafetreslobos.com\/#website","url":"https:\/\/old.cafetreslobos.com\/","name":"Caf\u00e9 Tres Lobos","description":"Caf\u00e9 de especialidad con entrega a todo el pais, caf\u00e9 del bueno.","publisher":{"@id":"https:\/\/old.cafetreslobos.com\/#organization"},"potentialAction":[{"@type":"SearchAction","target":{"@type":"EntryPoint","urlTemplate":"https:\/\/old.cafetreslobos.com\/?s={search_term_string}"},"query-input":{"@type":"PropertyValueSpecification","valueRequired":true,"valueName":"search_term_string"}}],"inLanguage":"es"},{"@type":"Organization","@id":"https:\/\/old.cafetreslobos.com\/#organization","name":"Caf\u00e9 Tres Lobos","url":"https:\/\/old.cafetreslobos.com\/","logo":{"@type":"ImageObject","inLanguage":"es","@id":"https:\/\/old.cafetreslobos.com\/#\/schema\/logo\/image\/","url":"https:\/\/old.cafetreslobos.com\/wp-content\/uploads\/2024\/04\/logo-1.png","contentUrl":"https:\/\/old.cafetreslobos.com\/wp-content\/uploads\/2024\/04\/logo-1.png","width":864,"height":335,"caption":"Caf\u00e9 Tres Lobos"},"image":{"@id":"https:\/\/old.cafetreslobos.com\/#\/schema\/logo\/image\/"}}]}},"_links":{"self":[{"href":"https:\/\/old.cafetreslobos.com\/index.php\/wp-json\/wp\/v2\/product\/5348","targetHints":{"allow":["GET"]}}],"collection":[{"href":"https:\/\/old.cafetreslobos.com\/index.php\/wp-json\/wp\/v2\/product"}],"about":[{"href":"https:\/\/old.cafetreslobos.com\/index.php\/wp-json\/wp\/v2\/types\/product"}],"replies":[{"embeddable":true,"href":"https:\/\/old.cafetreslobos.com\/index.php\/wp-json\/wp\/v2\/comments?post=5348"}],"wp:featuredmedia":[{"embeddable":true,"href":"https:\/\/old.cafetreslobos.com\/index.php\/wp-json\/wp\/v2\/media\/5594"}],"wp:attachment":[{"href":"https:\/\/old.cafetreslobos.com\/index.php\/wp-json\/wp\/v2\/media?parent=5348"}],"wp:term":[{"taxonomy":"product_brand","embeddable":true,"href":"https:\/\/old.cafetreslobos.com\/index.php\/wp-json\/wp\/v2\/product_brand?post=5348"},{"taxonomy":"product_cat","embeddable":true,"href":"https:\/\/old.cafetreslobos.com\/index.php\/wp-json\/wp\/v2\/product_cat?post=5348"},{"taxonomy":"product_tag","embeddable":true,"href":"https:\/\/old.cafetreslobos.com\/index.php\/wp-json\/wp\/v2\/product_tag?post=5348"}],"curies":[{"name":"wp","href":"https:\/\/api.w.org\/{rel}","templated":true}]}}