{"id":88,"date":"2024-04-19T22:07:57","date_gmt":"2024-04-20T04:07:57","guid":{"rendered":"https:\/\/cafetreslobos.com\/?post_type=product&#038;p=88"},"modified":"2026-03-22T23:13:56","modified_gmt":"2026-03-23T05:13:56","slug":"chiapas-bellavista","status":"publish","type":"product","link":"https:\/\/old.cafetreslobos.com\/index.php\/producto\/chiapas-bellavista\/","title":{"rendered":"Chiapas BELLAVISTA"},"content":{"rendered":"<p>Ubicado en el monta\u00f1oso estado de Chiapas, cerca de la frontera con Guatemala, este caf\u00e9 y la comunidad de Bella Vista son ejemplos brillantes de calidad y dedicaci\u00f3n frente a muchos desaf\u00edos econ\u00f3micos y agr\u00edcolas. En Bella Vista se encuentra un grupo de 110 mujeres productoras conocido como Caf\u00e9 del grupo de Mujeres (o &#8216;Caf\u00e9 del grupo de mujeres&#8217;) que son lideradas por la notable Rosalba Cifuentes Tov\u00eda. Juntos, esta red vende su caf\u00e9 despu\u00e9s de la recolecci\u00f3n, el procesamiento y el cuidado de sus cultivos.<\/p>\n<p>Estas mujeres lo hacen todo, y lo hacen con una tremenda cantidad de habilidad y cuidado.<\/p>\n<p>Ubicaci\u00f3n: Bellavista Chiapas<br \/>\nProductor: Grupo de Mujeres \/ Mayan Harvest de Rosalba Cifuentes Tov\u00eda<br \/>\nVariedad: Bourbon y Caturra.<br \/>\nProceso: Lavado<br \/>\nAltitud: 1,600 +<br \/>\nAroma a manzanilla, notas a ciruelas, zarzamoras y cacao, acidez media de cuerpo ligero.<\/p>\n<p><img loading=\"lazy\" decoding=\"async\" class=\"alignnone size-medium wp-image-196\" src=\"https:\/\/old.cafetreslobos.com\/wp-content\/uploads\/2024\/04\/1-300x198.png\" alt=\"\" width=\"300\" height=\"198\" srcset=\"https:\/\/old.cafetreslobos.com\/wp-content\/uploads\/2024\/04\/1-300x198.png 300w, https:\/\/old.cafetreslobos.com\/wp-content\/uploads\/2024\/04\/1.png 484w\" sizes=\"auto, (max-width: 300px) 100vw, 300px\" \/> <img loading=\"lazy\" decoding=\"async\" class=\"alignnone size-medium wp-image-197\" src=\"https:\/\/old.cafetreslobos.com\/wp-content\/uploads\/2024\/04\/2-300x199.png\" alt=\"\" width=\"300\" height=\"199\" srcset=\"https:\/\/old.cafetreslobos.com\/wp-content\/uploads\/2024\/04\/2-300x199.png 300w, https:\/\/old.cafetreslobos.com\/wp-content\/uploads\/2024\/04\/2.png 481w\" sizes=\"auto, (max-width: 300px) 100vw, 300px\" \/><\/p>\n","protected":false},"excerpt":{"rendered":"<p>Ubicado en el monta\u00f1oso estado de Chiapas, cerca de la frontera con Guatemala, este caf\u00e9 y la comunidad de Bella Vista son ejemplos brillantes de calidad y dedicaci\u00f3n frente a muchos desaf\u00edos econ\u00f3micos y agr\u00edcolas. En Bella Vista se encuentra un grupo de 110 mujeres productoras conocido como Caf\u00e9 del grupo de Mujeres (o &#8216;Caf\u00e9 [&hellip;]<\/p>\n","protected":false},"featured_media":185,"comment_status":"closed","ping_status":"closed","template":"","meta":[],"product_brand":[],"product_cat":[19,24],"product_tag":[],"class_list":{"0":"post-88","1":"product","2":"type-product","3":"status-publish","4":"has-post-thumbnail","6":"product_cat-cafe","7":"product_cat-single-origin","9":"first","10":"instock","11":"taxable","12":"shipping-taxable","13":"purchasable","14":"product-type-variable"},"yoast_head":"<!-- This site is optimized with the Yoast SEO plugin v27.4 - https:\/\/yoast.com\/product\/yoast-seo-wordpress\/ -->\n<title>Chiapas BELLAVISTA - Caf\u00e9 Tres Lobos<\/title>\n<meta name=\"robots\" content=\"noindex, follow, max-snippet:-1, max-image-preview:large, max-video-preview:-1\" \/>\n<meta property=\"og:locale\" content=\"es_ES\" \/>\n<meta property=\"og:type\" content=\"article\" \/>\n<meta property=\"og:title\" content=\"Chiapas BELLAVISTA - Caf\u00e9 Tres Lobos\" \/>\n<meta property=\"og:description\" content=\"Ubicado en el monta\u00f1oso estado de Chiapas, cerca de la frontera con Guatemala, este caf\u00e9 y la comunidad de Bella Vista son ejemplos brillantes de calidad y dedicaci\u00f3n frente a muchos desaf\u00edos econ\u00f3micos y agr\u00edcolas. En Bella Vista se encuentra un grupo de 110 mujeres productoras conocido como Caf\u00e9 del grupo de Mujeres (o &#8216;Caf\u00e9 [&hellip;]\" \/>\n<meta property=\"og:url\" content=\"https:\/\/old.cafetreslobos.com\/index.php\/producto\/chiapas-bellavista\/\" \/>\n<meta property=\"og:site_name\" content=\"Caf\u00e9 Tres Lobos\" \/>\n<meta property=\"article:modified_time\" content=\"2026-03-23T05:13:56+00:00\" \/>\n<meta property=\"og:image\" content=\"https:\/\/old.cafetreslobos.com\/wp-content\/uploads\/2024\/04\/bolsa-Chiapas-BV-1024x1024.png\" \/>\n\t<meta property=\"og:image:width\" content=\"1024\" \/>\n\t<meta property=\"og:image:height\" content=\"1024\" \/>\n\t<meta property=\"og:image:type\" content=\"image\/png\" \/>\n<meta name=\"twitter:card\" content=\"summary_large_image\" \/>\n<meta name=\"twitter:label1\" content=\"Tiempo de lectura\" \/>\n\t<meta name=\"twitter:data1\" content=\"1 minuto\" \/>\n<script type=\"application\/ld+json\" class=\"yoast-schema-graph\">{\"@context\":\"https:\\\/\\\/schema.org\",\"@graph\":[{\"@type\":\"WebPage\",\"@id\":\"https:\\\/\\\/old.cafetreslobos.com\\\/index.php\\\/producto\\\/chiapas-bellavista\\\/\",\"url\":\"https:\\\/\\\/old.cafetreslobos.com\\\/index.php\\\/producto\\\/chiapas-bellavista\\\/\",\"name\":\"Chiapas BELLAVISTA - Caf\u00e9 Tres Lobos\",\"isPartOf\":{\"@id\":\"https:\\\/\\\/old.cafetreslobos.com\\\/#website\"},\"primaryImageOfPage\":{\"@id\":\"https:\\\/\\\/old.cafetreslobos.com\\\/index.php\\\/producto\\\/chiapas-bellavista\\\/#primaryimage\"},\"image\":{\"@id\":\"https:\\\/\\\/old.cafetreslobos.com\\\/index.php\\\/producto\\\/chiapas-bellavista\\\/#primaryimage\"},\"thumbnailUrl\":\"https:\\\/\\\/old.cafetreslobos.com\\\/wp-content\\\/uploads\\\/2024\\\/04\\\/bolsa-Chiapas-BV-e1724152603471.png\",\"datePublished\":\"2024-04-20T04:07:57+00:00\",\"dateModified\":\"2026-03-23T05:13:56+00:00\",\"breadcrumb\":{\"@id\":\"https:\\\/\\\/old.cafetreslobos.com\\\/index.php\\\/producto\\\/chiapas-bellavista\\\/#breadcrumb\"},\"inLanguage\":\"es\",\"potentialAction\":[{\"@type\":\"ReadAction\",\"target\":[\"https:\\\/\\\/old.cafetreslobos.com\\\/index.php\\\/producto\\\/chiapas-bellavista\\\/\"]}]},{\"@type\":\"ImageObject\",\"inLanguage\":\"es\",\"@id\":\"https:\\\/\\\/old.cafetreslobos.com\\\/index.php\\\/producto\\\/chiapas-bellavista\\\/#primaryimage\",\"url\":\"https:\\\/\\\/old.cafetreslobos.com\\\/wp-content\\\/uploads\\\/2024\\\/04\\\/bolsa-Chiapas-BV-e1724152603471.png\",\"contentUrl\":\"https:\\\/\\\/old.cafetreslobos.com\\\/wp-content\\\/uploads\\\/2024\\\/04\\\/bolsa-Chiapas-BV-e1724152603471.png\",\"width\":2000,\"height\":2000},{\"@type\":\"BreadcrumbList\",\"@id\":\"https:\\\/\\\/old.cafetreslobos.com\\\/index.php\\\/producto\\\/chiapas-bellavista\\\/#breadcrumb\",\"itemListElement\":[{\"@type\":\"ListItem\",\"position\":1,\"name\":\"Portada\",\"item\":\"https:\\\/\\\/old.cafetreslobos.com\\\/\"},{\"@type\":\"ListItem\",\"position\":2,\"name\":\"Tienda\",\"item\":\"https:\\\/\\\/old.cafetreslobos.com\\\/index.php\\\/tienda\\\/\"},{\"@type\":\"ListItem\",\"position\":3,\"name\":\"Chiapas BELLAVISTA\"}]},{\"@type\":\"WebSite\",\"@id\":\"https:\\\/\\\/old.cafetreslobos.com\\\/#website\",\"url\":\"https:\\\/\\\/old.cafetreslobos.com\\\/\",\"name\":\"Caf\u00e9 Tres Lobos\",\"description\":\"Caf\u00e9 de especialidad con entrega a todo el pais, caf\u00e9 del bueno.\",\"publisher\":{\"@id\":\"https:\\\/\\\/old.cafetreslobos.com\\\/#organization\"},\"potentialAction\":[{\"@type\":\"SearchAction\",\"target\":{\"@type\":\"EntryPoint\",\"urlTemplate\":\"https:\\\/\\\/old.cafetreslobos.com\\\/?s={search_term_string}\"},\"query-input\":{\"@type\":\"PropertyValueSpecification\",\"valueRequired\":true,\"valueName\":\"search_term_string\"}}],\"inLanguage\":\"es\"},{\"@type\":\"Organization\",\"@id\":\"https:\\\/\\\/old.cafetreslobos.com\\\/#organization\",\"name\":\"Caf\u00e9 Tres Lobos\",\"url\":\"https:\\\/\\\/old.cafetreslobos.com\\\/\",\"logo\":{\"@type\":\"ImageObject\",\"inLanguage\":\"es\",\"@id\":\"https:\\\/\\\/old.cafetreslobos.com\\\/#\\\/schema\\\/logo\\\/image\\\/\",\"url\":\"https:\\\/\\\/old.cafetreslobos.com\\\/wp-content\\\/uploads\\\/2024\\\/04\\\/logo-1.png\",\"contentUrl\":\"https:\\\/\\\/old.cafetreslobos.com\\\/wp-content\\\/uploads\\\/2024\\\/04\\\/logo-1.png\",\"width\":864,\"height\":335,\"caption\":\"Caf\u00e9 Tres Lobos\"},\"image\":{\"@id\":\"https:\\\/\\\/old.cafetreslobos.com\\\/#\\\/schema\\\/logo\\\/image\\\/\"}}]}<\/script>\n<!-- \/ Yoast SEO plugin. -->","yoast_head_json":{"title":"Chiapas BELLAVISTA - Caf\u00e9 Tres Lobos","robots":{"index":"noindex","follow":"follow","max-snippet":"max-snippet:-1","max-image-preview":"max-image-preview:large","max-video-preview":"max-video-preview:-1"},"og_locale":"es_ES","og_type":"article","og_title":"Chiapas BELLAVISTA - Caf\u00e9 Tres Lobos","og_description":"Ubicado en el monta\u00f1oso estado de Chiapas, cerca de la frontera con Guatemala, este caf\u00e9 y la comunidad de Bella Vista son ejemplos brillantes de calidad y dedicaci\u00f3n frente a muchos desaf\u00edos econ\u00f3micos y agr\u00edcolas. En Bella Vista se encuentra un grupo de 110 mujeres productoras conocido como Caf\u00e9 del grupo de Mujeres (o &#8216;Caf\u00e9 [&hellip;]","og_url":"https:\/\/old.cafetreslobos.com\/index.php\/producto\/chiapas-bellavista\/","og_site_name":"Caf\u00e9 Tres Lobos","article_modified_time":"2026-03-23T05:13:56+00:00","og_image":[{"width":1024,"height":1024,"url":"https:\/\/old.cafetreslobos.com\/wp-content\/uploads\/2024\/04\/bolsa-Chiapas-BV-1024x1024.png","type":"image\/png"}],"twitter_card":"summary_large_image","twitter_misc":{"Tiempo de lectura":"1 minuto"},"schema":{"@context":"https:\/\/schema.org","@graph":[{"@type":"WebPage","@id":"https:\/\/old.cafetreslobos.com\/index.php\/producto\/chiapas-bellavista\/","url":"https:\/\/old.cafetreslobos.com\/index.php\/producto\/chiapas-bellavista\/","name":"Chiapas BELLAVISTA - Caf\u00e9 Tres Lobos","isPartOf":{"@id":"https:\/\/old.cafetreslobos.com\/#website"},"primaryImageOfPage":{"@id":"https:\/\/old.cafetreslobos.com\/index.php\/producto\/chiapas-bellavista\/#primaryimage"},"image":{"@id":"https:\/\/old.cafetreslobos.com\/index.php\/producto\/chiapas-bellavista\/#primaryimage"},"thumbnailUrl":"https:\/\/old.cafetreslobos.com\/wp-content\/uploads\/2024\/04\/bolsa-Chiapas-BV-e1724152603471.png","datePublished":"2024-04-20T04:07:57+00:00","dateModified":"2026-03-23T05:13:56+00:00","breadcrumb":{"@id":"https:\/\/old.cafetreslobos.com\/index.php\/producto\/chiapas-bellavista\/#breadcrumb"},"inLanguage":"es","potentialAction":[{"@type":"ReadAction","target":["https:\/\/old.cafetreslobos.com\/index.php\/producto\/chiapas-bellavista\/"]}]},{"@type":"ImageObject","inLanguage":"es","@id":"https:\/\/old.cafetreslobos.com\/index.php\/producto\/chiapas-bellavista\/#primaryimage","url":"https:\/\/old.cafetreslobos.com\/wp-content\/uploads\/2024\/04\/bolsa-Chiapas-BV-e1724152603471.png","contentUrl":"https:\/\/old.cafetreslobos.com\/wp-content\/uploads\/2024\/04\/bolsa-Chiapas-BV-e1724152603471.png","width":2000,"height":2000},{"@type":"BreadcrumbList","@id":"https:\/\/old.cafetreslobos.com\/index.php\/producto\/chiapas-bellavista\/#breadcrumb","itemListElement":[{"@type":"ListItem","position":1,"name":"Portada","item":"https:\/\/old.cafetreslobos.com\/"},{"@type":"ListItem","position":2,"name":"Tienda","item":"https:\/\/old.cafetreslobos.com\/index.php\/tienda\/"},{"@type":"ListItem","position":3,"name":"Chiapas BELLAVISTA"}]},{"@type":"WebSite","@id":"https:\/\/old.cafetreslobos.com\/#website","url":"https:\/\/old.cafetreslobos.com\/","name":"Caf\u00e9 Tres Lobos","description":"Caf\u00e9 de especialidad con entrega a todo el pais, caf\u00e9 del bueno.","publisher":{"@id":"https:\/\/old.cafetreslobos.com\/#organization"},"potentialAction":[{"@type":"SearchAction","target":{"@type":"EntryPoint","urlTemplate":"https:\/\/old.cafetreslobos.com\/?s={search_term_string}"},"query-input":{"@type":"PropertyValueSpecification","valueRequired":true,"valueName":"search_term_string"}}],"inLanguage":"es"},{"@type":"Organization","@id":"https:\/\/old.cafetreslobos.com\/#organization","name":"Caf\u00e9 Tres Lobos","url":"https:\/\/old.cafetreslobos.com\/","logo":{"@type":"ImageObject","inLanguage":"es","@id":"https:\/\/old.cafetreslobos.com\/#\/schema\/logo\/image\/","url":"https:\/\/old.cafetreslobos.com\/wp-content\/uploads\/2024\/04\/logo-1.png","contentUrl":"https:\/\/old.cafetreslobos.com\/wp-content\/uploads\/2024\/04\/logo-1.png","width":864,"height":335,"caption":"Caf\u00e9 Tres Lobos"},"image":{"@id":"https:\/\/old.cafetreslobos.com\/#\/schema\/logo\/image\/"}}]}},"_links":{"self":[{"href":"https:\/\/old.cafetreslobos.com\/index.php\/wp-json\/wp\/v2\/product\/88","targetHints":{"allow":["GET"]}}],"collection":[{"href":"https:\/\/old.cafetreslobos.com\/index.php\/wp-json\/wp\/v2\/product"}],"about":[{"href":"https:\/\/old.cafetreslobos.com\/index.php\/wp-json\/wp\/v2\/types\/product"}],"replies":[{"embeddable":true,"href":"https:\/\/old.cafetreslobos.com\/index.php\/wp-json\/wp\/v2\/comments?post=88"}],"wp:featuredmedia":[{"embeddable":true,"href":"https:\/\/old.cafetreslobos.com\/index.php\/wp-json\/wp\/v2\/media\/185"}],"wp:attachment":[{"href":"https:\/\/old.cafetreslobos.com\/index.php\/wp-json\/wp\/v2\/media?parent=88"}],"wp:term":[{"taxonomy":"product_brand","embeddable":true,"href":"https:\/\/old.cafetreslobos.com\/index.php\/wp-json\/wp\/v2\/product_brand?post=88"},{"taxonomy":"product_cat","embeddable":true,"href":"https:\/\/old.cafetreslobos.com\/index.php\/wp-json\/wp\/v2\/product_cat?post=88"},{"taxonomy":"product_tag","embeddable":true,"href":"https:\/\/old.cafetreslobos.com\/index.php\/wp-json\/wp\/v2\/product_tag?post=88"}],"curies":[{"name":"wp","href":"https:\/\/api.w.org\/{rel}","templated":true}]}}